{"id":128,"date":"2024-03-22T14:12:14","date_gmt":"2024-03-22T13:12:14","guid":{"rendered":"https:\/\/www.handiaidepourtous.fr\/?page_id=128"},"modified":"2024-10-13T14:22:33","modified_gmt":"2024-10-13T12:22:33","slug":"a-propos","status":"publish","type":"page","link":"https:\/\/www.handiaidepourtous.fr\/index.php\/a-propos\/","title":{"rendered":"\u00c0 Propos ?"},"content":{"rendered":"<p>[et_pb_section fb_built=\u00a0\u00bb1&Prime; next_background_color=\u00a0\u00bb#ffffff\u00a0\u00bb admin_label=\u00a0\u00bbHeader\u00a0\u00bb _builder_version=\u00a0\u00bb4.24.2&Prime; _module_preset=\u00a0\u00bbdefault\u00a0\u00bb background_color=\u00a0\u00bb#658874&Prime; background_enable_image=\u00a0\u00bboff\u00a0\u00bb custom_padding=\u00a0\u00bb50px||100px||false|false\u00a0\u00bb bottom_divider_style=\u00a0\u00bbarrow\u00a0\u00bb bottom_divider_height=\u00a0\u00bb60px\u00a0\u00bb bottom_divider_flip=\u00a0\u00bbvertical\u00a0\u00bb locked=\u00a0\u00bboff\u00a0\u00bb collapsed=\u00a0\u00bbon\u00a0\u00bb global_colors_info=\u00a0\u00bb{%22gcid-34807b40-f97e-428a-90f8-6d5ad2ecd8cd%22:%91%22background_color_gradient_stops%22,%22background_color_gradient_stops%22,%22background_color_gradient_stops%22%93}\u00a0\u00bb][et_pb_row _builder_version=\u00a0\u00bb4.24.2&Prime; _module_preset=\u00a0\u00bbdefault\u00a0\u00bb custom_padding=\u00a0\u00bb0px||0px||true|false\u00a0\u00bb locked=\u00a0\u00bboff\u00a0\u00bb global_colors_info=\u00a0\u00bb{}\u00a0\u00bb][et_pb_column type=\u00a0\u00bb4_4&Prime; _builder_version=\u00a0\u00bb4.22.0&Prime; _module_preset=\u00a0\u00bbdefault\u00a0\u00bb global_colors_info=\u00a0\u00bb{}\u00a0\u00bb][et_pb_text _builder_version=\u00a0\u00bb4.24.2&Prime; _module_preset=\u00a0\u00bb70a1a2b5-f414-4c22-ad11-521b9ed46e3e\u00a0\u00bb header_font=\u00a0\u00bbEl Messiri||||||||\u00a0\u00bb header_text_color=\u00a0\u00bb#FDF7F0&Prime; text_orientation=\u00a0\u00bbcenter\u00a0\u00bb custom_margin=\u00a0\u00bb||10px||false|false\u00a0\u00bb text_font_size_last_edited=\u00a0\u00bboff|tablet\u00a0\u00bb global_colors_info=\u00a0\u00bb{}\u00a0\u00bb]<\/p>\n<h1><strong>\u00c0 Propos De Nous ?<\/strong><\/h1>\n<p>[\/et_pb_text][\/et_pb_column][\/et_pb_row][\/et_pb_section][et_pb_section fb_built=\u00a0\u00bb1&Prime; admin_label=\u00a0\u00bbAbout\u00a0\u00bb _builder_version=\u00a0\u00bb4.22.0&Prime; _module_preset=\u00a0\u00bbdefault\u00a0\u00bb collapsed=\u00a0\u00bbon\u00a0\u00bb global_colors_info=\u00a0\u00bb{}\u00a0\u00bb][et_pb_row _builder_version=\u00a0\u00bb4.24.2&Prime; _module_preset=\u00a0\u00bbdefault\u00a0\u00bb global_colors_info=\u00a0\u00bb{}\u00a0\u00bb][et_pb_column type=\u00a0\u00bb4_4&Prime; _builder_version=\u00a0\u00bb4.24.2&Prime; _module_preset=\u00a0\u00bbdefault\u00a0\u00bb global_colors_info=\u00a0\u00bb{}\u00a0\u00bb][et_pb_text _builder_version=\u00a0\u00bb4.25.1&Prime; _module_preset=\u00a0\u00bb70a1a2b5-f414-4c22-ad11-521b9ed46e3e\u00a0\u00bb header_font=\u00a0\u00bbEl Messiri||||||||\u00a0\u00bb header_text_color=\u00a0\u00bb#FDF7F0&Prime; header_font_size=\u00a0\u00bb50px\u00a0\u00bb text_orientation=\u00a0\u00bbcenter\u00a0\u00bb custom_margin=\u00a0\u00bb||10px||false|false\u00a0\u00bb locked=\u00a0\u00bboff\u00a0\u00bb global_colors_info=\u00a0\u00bb{}\u00a0\u00bb text_text_color__hover_enabled=\u00a0\u00bboff|desktop\u00a0\u00bb]<\/p>\n<h1><strong><span style=\"color: #658874;\">Notre Mission ?<\/span><\/strong><\/h1>\n<p>[\/et_pb_text][et_pb_text _builder_version=\u00a0\u00bb4.25.2&Prime; _module_preset=\u00a0\u00bb43520e93-6380-4acb-9d61-ed0887cc4e3d\u00a0\u00bb text_orientation=\u00a0\u00bbcenter\u00a0\u00bb global_colors_info=\u00a0\u00bb{}\u00a0\u00bb]<\/p>\n<p>Notre association, \u00ab\u00a0Handi Aide Pour Tous\u00a0\u00bb, HAPT, r\u00e9gie par la loi du 1er juillet 1901 et le d\u00e9cret du 16 ao\u00fbt 1901, est situ\u00e9e au 2 impasse des Orteaux, 75020 Paris.<\/p>\n<p>Chaque ann\u00e9e, des millions de fid\u00e8les se rendent \u00e0 La Mecque pour accomplir leur Petit P\u00e8lerinage. Cependant, pour de nombreuses personnes atteintes de maladies chroniques ou de conditions de sant\u00e9 fragiles, ce voyage peut sembler hors de port\u00e9e.<\/p>\n<p>C&rsquo;est l\u00e0 qu&rsquo;intervient Handi Aide Pour Tous. Nous sommes une association d\u00e9di\u00e9e \u00e0 rendre la Omra accessible \u00e0 tous, en particulier \u00e0 ceux qui ont besoin d&rsquo;un soutien suppl\u00e9mentaire en raison de leur \u00e9tat de sant\u00e9. Gr\u00e2ce \u00e0 notre expertise, nous permettons aux familles d&rsquo;accompagner leurs proches en situation de handicap, qu&rsquo;il s&rsquo;agisse de parents ou d&rsquo;enfants, dans l&rsquo;accomplissement de leur Omra.<\/p>\n<p>En tant qu&rsquo;association \u00e0 but non lucratif, notre mission est d&rsquo;accompagner les malades tout au long de leur voyage \u00e0 M\u00e9dine et \u00e0 La Mecque, en veillant \u00e0 ce qu&rsquo;ils re\u00e7oivent les soins m\u00e9dicaux n\u00e9cessaires ainsi qu&rsquo;un soutien spirituel et logistique adapt\u00e9 \u00e0 leurs besoins.<\/p>\n<p>Ensemble, nous pouvons faire en sorte que personne ne soit priv\u00e9 de l&rsquo;opportunit\u00e9 de vivre pleinement sa foi en raison de sa sant\u00e9. Rejoignez-nous pour faire une diff\u00e9rence dans la vie de ceux qui en ont le plus besoin.<\/p>\n<p>Pour plus d&rsquo;informations sur nos services ou pour faire un don, visitez notre site web HAPT.<\/p>\n<p>[\/et_pb_text][\/et_pb_column][\/et_pb_row][\/et_pb_section][et_pb_section fb_built=\u00a0\u00bb1&Prime; admin_label=\u00a0\u00bbTeam\u00a0\u00bb _builder_version=\u00a0\u00bb4.24.2&Prime; _module_preset=\u00a0\u00bbdefault\u00a0\u00bb background_enable_color=\u00a0\u00bboff\u00a0\u00bb collapsed=\u00a0\u00bbon\u00a0\u00bb global_colors_info=\u00a0\u00bb{}\u00a0\u00bb][et_pb_row _builder_version=\u00a0\u00bb4.22.0&Prime; _module_preset=\u00a0\u00bbdefault\u00a0\u00bb locked=\u00a0\u00bboff\u00a0\u00bb global_colors_info=\u00a0\u00bb{}\u00a0\u00bb][et_pb_column type=\u00a0\u00bb4_4&Prime; _builder_version=\u00a0\u00bb4.22.0&Prime; _module_preset=\u00a0\u00bbdefault\u00a0\u00bb global_colors_info=\u00a0\u00bb{}\u00a0\u00bb][et_pb_text _builder_version=\u00a0\u00bb4.25.1&Prime; _module_preset=\u00a0\u00bb70a1a2b5-f414-4c22-ad11-521b9ed46e3e\u00a0\u00bb header_font=\u00a0\u00bbEl Messiri||||||||\u00a0\u00bb header_text_color=\u00a0\u00bb#FDF7F0&Prime; header_font_size=\u00a0\u00bb50px\u00a0\u00bb text_orientation=\u00a0\u00bbcenter\u00a0\u00bb custom_margin=\u00a0\u00bb||10px||false|false\u00a0\u00bb locked=\u00a0\u00bboff\u00a0\u00bb global_colors_info=\u00a0\u00bb{}\u00a0\u00bb text_text_color__hover_enabled=\u00a0\u00bboff|desktop\u00a0\u00bb]<\/p>\n<h1><strong><span style=\"color: #658874;\">T\u00e9moignages<\/span><\/strong><\/h1>\n<p>[\/et_pb_text][et_pb_text _builder_version=\u00a0\u00bb4.25.1&Prime; _module_preset=\u00a0\u00bb43520e93-6380-4acb-9d61-ed0887cc4e3d\u00a0\u00bb text_orientation=\u00a0\u00bbcenter\u00a0\u00bb global_colors_info=\u00a0\u00bb{}\u00a0\u00bb]<\/p>\n<p>Ils en parlent mieux que nous !!!<\/p>\n<p>[\/et_pb_text][\/et_pb_column][\/et_pb_row][et_pb_row _builder_version=\u00a0\u00bb4.25.1&Prime; _module_preset=\u00a0\u00bbdefault\u00a0\u00bb global_colors_info=\u00a0\u00bb{}\u00a0\u00bb][et_pb_column type=\u00a0\u00bb4_4&Prime; _builder_version=\u00a0\u00bb4.25.1&Prime; _module_preset=\u00a0\u00bbdefault\u00a0\u00bb global_colors_info=\u00a0\u00bb{}\u00a0\u00bb][et_pb_testimonial author=\u00a0\u00bbZahra M.\u00a0\u00bb quote_icon_color=\u00a0\u00bb#658874&Prime; quote_icon_background_color=\u00a0\u00bb#FDF7F0&Prime; _builder_version=\u00a0\u00bb4.25.2&Prime; _module_preset=\u00a0\u00bbdefault\u00a0\u00bb author_font=\u00a0\u00bb&#8211;et_global_heading_font|700|||||||\u00a0\u00bb author_text_color=\u00a0\u00bb#658874&Prime; author_font_size=\u00a0\u00bb18px\u00a0\u00bb background_color=\u00a0\u00bb#FDF7F0&Prime; text_orientation=\u00a0\u00bbcenter\u00a0\u00bb border_width_all=\u00a0\u00bb2px\u00a0\u00bb border_color_all=\u00a0\u00bb#658874&Prime; global_colors_info=\u00a0\u00bb{}\u00a0\u00bb]<\/p>\n<p>J\u2019ai voyag\u00e9 pour la premi\u00e8re fois avec l\u2019Association HAPT en tant qu\u2019accompagnatrice et ce f\u00fbt une<br \/>tr\u00e8s belle d\u00e9couverte. Nous \u00e9tions accompagn\u00e9s pendant la totalit\u00e9 du s\u00e9jour avec une \u00e9quipe d\u2019experts, m\u00e9decins, infirmi\u00e8re. Mon r\u00f4le d\u2019accompagnatrice m\u2019a vraiment permis de vivre une exp\u00e9rience humaine, l\u2019organisation \u00e9tait tr\u00e8s bien du d\u00e9but \u00e0 la fin et une Direction extraordinaire Machallah. Je recommande vivement cette Association pour son s\u00e9rieux et son professionnalisme.<\/p>\n<p>[\/et_pb_testimonial][et_pb_testimonial author=\u00a0\u00bbHouari O.\u00a0\u00bb quote_icon_color=\u00a0\u00bb#658874&Prime; quote_icon_background_color=\u00a0\u00bb#FDF7F0&Prime; _builder_version=\u00a0\u00bb4.25.2&Prime; _module_preset=\u00a0\u00bbdefault\u00a0\u00bb author_font=\u00a0\u00bb&#8211;et_global_heading_font|700|||||||\u00a0\u00bb author_text_color=\u00a0\u00bb#658874&Prime; author_font_size=\u00a0\u00bb18px\u00a0\u00bb background_color=\u00a0\u00bb#FDF7F0&Prime; text_orientation=\u00a0\u00bbcenter\u00a0\u00bb border_width_all=\u00a0\u00bb2px\u00a0\u00bb border_color_all=\u00a0\u00bb#658874&Prime; global_colors_info=\u00a0\u00bb{}\u00a0\u00bb]<\/p>\n<p>Accompagner mon p\u00e8re de 91 ans pour lui offrir une Omra. Une exp\u00e9rience qu\u2019il ne pensait plus revivre. Cela a \u00e9t\u00e9 possible gr\u00e2ce \u00e0 l\u2019association Handi Aide Pour Tous qui nous a accompagn\u00e9 dans cette Omra de r\u00eave avec un encadrement exceptionnel. Une \u00e9quipe m\u00e9dicale et des accompagnateurs au top. A l\u2019\u00e9coute des p\u00e8lerins et avec une attention au quotidien tout au long de notre s\u00e9jour.<br \/>Un grand Merci \u00e0 toute l\u2019\u00e9quipe de l\u2019association \u00ab Karima, Ch\u00e9rifa et Abdel \u00bb, le comit\u00e9 m\u00e9dical, le comit\u00e9 religieux et \u00e0 mon bin\u00f4me Zoubeyr.<br \/>Continuez dans cet engagement, vous avez redonn\u00e9 le sourire \u00e0 mon p\u00e8re en accomplissant cette Omra, qui restera grav\u00e9e \u00e0 jamais dans nos m\u00e9moires. BarakAllah fikoum.<\/p>\n<p>[\/et_pb_testimonial][et_pb_testimonial author=\u00a0\u00bbJamila I\u00a0\u00bb quote_icon_color=\u00a0\u00bb#658874&Prime; quote_icon_background_color=\u00a0\u00bb#FDF7F0&Prime; _builder_version=\u00a0\u00bb4.25.2&Prime; _module_preset=\u00a0\u00bbdefault\u00a0\u00bb author_font=\u00a0\u00bb&#8211;et_global_heading_font|700|||||||\u00a0\u00bb author_text_color=\u00a0\u00bb#658874&Prime; author_font_size=\u00a0\u00bb18px\u00a0\u00bb background_color=\u00a0\u00bb#FDF7F0&Prime; text_orientation=\u00a0\u00bbcenter\u00a0\u00bb border_width_all=\u00a0\u00bb2px\u00a0\u00bb border_color_all=\u00a0\u00bb#658874&Prime; global_colors_info=\u00a0\u00bb{}\u00a0\u00bb]<\/p>\n<p>C&rsquo;est en totale confiance qu&rsquo;\u00e0 l&rsquo;issue d&rsquo;une r\u00e9union d&rsquo;information o\u00f9 nous avons fait connaissance avec les membres de l&rsquo;association avec lesquels nous avons \u00e9chang\u00e9 et abord\u00e9 toutes sortes de questions sur l&rsquo;organisation du voyage, que ce grand projet qui est la concr\u00e9tisation et l\u2019intention<br \/>d\u2019accompagner notre maman h\u00e9mipl\u00e9gique est devenu possible.<br \/>Pour ma s\u0153ur, qui \u00e9tait \u00e9galement accompagnatrice et mon bin\u00f4me, et pour moi de pouvoir le faire de mani\u00e8re sereine accompagn\u00e9es d\u2019un staff m\u00e9dical \u00e9tait indispensable.<br \/>L\u2019association soutenante et bienveillante nous a guid\u00e9, \u00e9cout\u00e9, anim\u00e9 mais surtout conduit jusque-l\u00e0.<br \/>La visite des sites, l&rsquo;accomplissement des rites chacun \u00e0 son rythme mais toujours en \u00e9quipe reste \u00e0 jamais dans nos c\u0153urs et nos esprits.<br \/>Un grand merci \u00e0 eux d&rsquo;avoir rendu ce r\u00eave possible.<br \/>Merci \u00e0 vous handi aide. Cherifa, Karima et Abdelkrim<\/p>\n<p>[\/et_pb_testimonial][et_pb_testimonial author=\u00a0\u00bbRachida L\u00a0\u00bb quote_icon_color=\u00a0\u00bb#658874&Prime; quote_icon_background_color=\u00a0\u00bb#FDF7F0&Prime; _builder_version=\u00a0\u00bb4.25.2&Prime; _module_preset=\u00a0\u00bbdefault\u00a0\u00bb author_font=\u00a0\u00bb&#8211;et_global_heading_font|700|||||||\u00a0\u00bb author_text_color=\u00a0\u00bb#658874&Prime; author_font_size=\u00a0\u00bb18px\u00a0\u00bb background_color=\u00a0\u00bb#FDF7F0&Prime; text_orientation=\u00a0\u00bbcenter\u00a0\u00bb border_width_all=\u00a0\u00bb2px\u00a0\u00bb border_color_all=\u00a0\u00bb#658874&Prime; global_colors_info=\u00a0\u00bb{}\u00a0\u00bb]<\/p>\n<p>Salam alikoum tr\u00e8s satisfaite de l\u2019association Handi Aide Pour Tous qui aide les personnes<br \/>handicap\u00e9es dont ils n&rsquo;ont personnes pour les accompagner \u00e0 r\u00e9aliser leurs oumra<br \/>El hamdouALLAH. On est tr\u00e8s contents, ils ont bien pris soin de ma s\u0153ur, dans tous les domaines aussi bien m\u00e9dical, spirituel et tr\u00e8s humaine pendant tout son s\u00e9jour.<br \/>Tr\u00e8s fi\u00e8re d\u2019eux, QU&rsquo;ALLAH les r\u00e9compense, leur donne le paradis Ferdaous amine. Franchement, je conseille \u00e0 tous d\u2019aller avec cette association incha&rsquo;Allah.<\/p>\n<p>[\/et_pb_testimonial][et_pb_testimonial author=\u00a0\u00bbZoubeyr S.\u00a0\u00bb quote_icon_color=\u00a0\u00bb#658874&Prime; quote_icon_background_color=\u00a0\u00bb#FDF7F0&Prime; _builder_version=\u00a0\u00bb4.25.2&Prime; _module_preset=\u00a0\u00bbdefault\u00a0\u00bb author_font=\u00a0\u00bb&#8211;et_global_heading_font|700|||||||\u00a0\u00bb author_text_color=\u00a0\u00bb#658874&Prime; author_font_size=\u00a0\u00bb18px\u00a0\u00bb background_color=\u00a0\u00bb#FDF7F0&Prime; text_orientation=\u00a0\u00bbcenter\u00a0\u00bb border_width_all=\u00a0\u00bb2px\u00a0\u00bb border_color_all=\u00a0\u00bb#658874&Prime; global_colors_info=\u00a0\u00bb{}\u00a0\u00bb]<\/p>\n<p>Ch\u00e8re \u00e9quipe d\u2019Andi\u2019aide, je tiens \u00e0 vous exprimer ma plus sinc\u00e8re gratitude envers votre association pour m\u2019avoir donn\u00e9 l\u2019opportunit\u00e9 d\u2019accompagner une personne \u00e2g\u00e9e de 91 ans lors de la Omra que nous avons effectu\u00e9 en novembre 2023 (une premi\u00e8re pour moi en tant qu\u2019accompagnateur). Ce fut<br \/>une exp\u00e9rience profond\u00e9ment enrichissante pour laquelle je suis tr\u00e8s reconnaissant. Durant notre s\u00e9jour, j\u2019ai \u00e9t\u00e9 t\u00e9moin d\u2019un professionnalisme et d\u2019une \u00e9quipe sans reproche aussi bien du c\u00f4t\u00e9 m\u00e9dical que du c\u00f4t\u00e9 direction. Les moments que nous avons partag\u00e9s resteront grav\u00e9s dans ma<br \/>m\u00e9moire comme des souvenirs pr\u00e9cieux et inestimables. Je suis reconnaissant pour le soutien et l\u2019organisation impeccable de votre association, tout au long de notre Omra. Votre d\u00e9vouement \u00e0 offrir des exp\u00e9riences significatives et enrichissantes aux membres de la communaut\u00e9 est v\u00e9ritablement louable. Je tiens \u00e9galement \u00e0 vous assurer mon engagement \u00e0 soutenir votre association dans ses futures initiatives. C\u2019est avec joie et gratitude que je contribuerai \u00e0 perp\u00e9tuer<br \/>cette mission inspirante. Encore une fois, merci infiniment \u00e0 Ch\u00e9rifa, Karima et Abdelkrim pour cette opportunit\u00e9 inestimable.<\/p>\n<p>[\/et_pb_testimonial][et_pb_testimonial author=\u00a0\u00bbKahina B.\u00a0\u00bb quote_icon_color=\u00a0\u00bb#658874&Prime; quote_icon_background_color=\u00a0\u00bb#FDF7F0&Prime; _builder_version=\u00a0\u00bb4.25.2&Prime; _module_preset=\u00a0\u00bbdefault\u00a0\u00bb author_font=\u00a0\u00bb&#8211;et_global_heading_font|700|||||||\u00a0\u00bb author_text_color=\u00a0\u00bb#658874&Prime; author_font_size=\u00a0\u00bb18px\u00a0\u00bb background_color=\u00a0\u00bb#FDF7F0&Prime; text_orientation=\u00a0\u00bbcenter\u00a0\u00bb border_width_all=\u00a0\u00bb2px\u00a0\u00bb border_color_all=\u00a0\u00bb#658874&Prime; global_colors_info=\u00a0\u00bb{}\u00a0\u00bb]<\/p>\n<p>Un grand merci \u00e0 toute l&rsquo;\u00e9quipe de votre association HAPT. Vous avez accompagn\u00e9 notre p\u00e8re malade pour sa Omra. Il a \u00e9t\u00e9 accompagn\u00e9 avec gentillesse, professionnalisme, bienveillance et avec le sourire. Il est revenu heureux, d&rsquo;avoir fait ce magnifique voyage avec vous. Vous avez su nous rassurer \u00e0 distance, sur son \u00e9tat de sant\u00e9 et le suivi de son traitement avant et pendant le voyage. Qu&rsquo;Allah vous r\u00e9compense et vous accorde longue vie pour votre investissement et votre g\u00e9n\u00e9rosit\u00e9.<br \/>Ne changez rien !!<\/p>\n<p>[\/et_pb_testimonial][\/et_pb_column][\/et_pb_row][\/et_pb_section]<\/p>\n","protected":false},"excerpt":{"rendered":"<p>\u00c0 Propos De Nous ?Notre Mission ?Notre association, \u00ab\u00a0Handi Aide Pour Tous\u00a0\u00bb, HAPT, r\u00e9gie par la loi du 1er juillet 1901 et le d\u00e9cret du 16 ao\u00fbt 1901, est situ\u00e9e au 2 impasse des Orteaux, 75020 Paris. Chaque ann\u00e9e, des millions de fid\u00e8les se rendent \u00e0 La Mecque pour accomplir leur Petit P\u00e8lerinage. Cependant, pour [&hellip;]<\/p>\n","protected":false},"author":1,"featured_media":0,"parent":0,"menu_order":0,"comment_status":"closed","ping_status":"closed","template":"","meta":{"_et_pb_use_builder":"on","_et_pb_old_content":"","_et_gb_content_width":"","footnotes":""},"class_list":["post-128","page","type-page","status-publish","hentry"],"_links":{"self":[{"href":"https:\/\/www.handiaidepourtous.fr\/index.php\/wp-json\/wp\/v2\/pages\/128","targetHints":{"allow":["GET"]}}],"collection":[{"href":"https:\/\/www.handiaidepourtous.fr\/index.php\/wp-json\/wp\/v2\/pages"}],"about":[{"href":"https:\/\/www.handiaidepourtous.fr\/index.php\/wp-json\/wp\/v2\/types\/page"}],"author":[{"embeddable":true,"href":"https:\/\/www.handiaidepourtous.fr\/index.php\/wp-json\/wp\/v2\/users\/1"}],"replies":[{"embeddable":true,"href":"https:\/\/www.handiaidepourtous.fr\/index.php\/wp-json\/wp\/v2\/comments?post=128"}],"version-history":[{"count":30,"href":"https:\/\/www.handiaidepourtous.fr\/index.php\/wp-json\/wp\/v2\/pages\/128\/revisions"}],"predecessor-version":[{"id":32351,"href":"https:\/\/www.handiaidepourtous.fr\/index.php\/wp-json\/wp\/v2\/pages\/128\/revisions\/32351"}],"wp:attachment":[{"href":"https:\/\/www.handiaidepourtous.fr\/index.php\/wp-json\/wp\/v2\/media?parent=128"}],"curies":[{"name":"wp","href":"https:\/\/api.w.org\/{rel}","templated":true}]}}